{"id":237,"date":"2024-02-03T10:01:41","date_gmt":"2024-02-03T10:01:41","guid":{"rendered":"https:\/\/tobbakistan.com\/?post_type=product&#038;p=237"},"modified":"2024-12-09T10:22:22","modified_gmt":"2024-12-09T10:22:22","slug":"watson-white-no3","status":"publish","type":"product","link":"https:\/\/tobbakistan.com\/index.php\/urun\/watson-white-no3\/","title":{"rendered":"WATSON WH\u0130TE NO:3"},"content":{"rendered":"<p>50 L\u0130 B\u00dcY\u00dcK S\u0130GARA KA\u011eIDI<\/p>\n","protected":false},"excerpt":{"rendered":"<p>50 L\u0130 B\u00dcY\u00dcK S\u0130GARA KA\u011eIDI<\/p>\n","protected":false},"featured_media":238,"comment_status":"open","ping_status":"closed","template":"","meta":{"_kad_post_transparent":"default","_kad_post_title":"","_kad_post_layout":"default","_kad_post_sidebar_id":"","_kad_post_content_style":"default","_kad_post_vertical_padding":"default","_kad_post_feature":"","_kad_post_feature_position":"","_kad_post_header":false,"_kad_post_footer":false},"product_cat":[29],"product_tag":[],"class_list":{"0":"post-237","1":"product","2":"type-product","3":"status-publish","4":"has-post-thumbnail","6":"product_cat-kagitlar","8":"first","9":"instock","10":"shipping-taxable","11":"purchasable","12":"product-type-simple","13":"entry","14":"content-bg","15":"loop-entry"},"_links":{"self":[{"href":"https:\/\/tobbakistan.com\/index.php\/wp-json\/wp\/v2\/product\/237","targetHints":{"allow":["GET"]}}],"collection":[{"href":"https:\/\/tobbakistan.com\/index.php\/wp-json\/wp\/v2\/product"}],"about":[{"href":"https:\/\/tobbakistan.com\/index.php\/wp-json\/wp\/v2\/types\/product"}],"replies":[{"embeddable":true,"href":"https:\/\/tobbakistan.com\/index.php\/wp-json\/wp\/v2\/comments?post=237"}],"wp:featuredmedia":[{"embeddable":true,"href":"https:\/\/tobbakistan.com\/index.php\/wp-json\/wp\/v2\/media\/238"}],"wp:attachment":[{"href":"https:\/\/tobbakistan.com\/index.php\/wp-json\/wp\/v2\/media?parent=237"}],"wp:term":[{"taxonomy":"product_cat","embeddable":true,"href":"https:\/\/tobbakistan.com\/index.php\/wp-json\/wp\/v2\/product_cat?post=237"},{"taxonomy":"product_tag","embeddable":true,"href":"https:\/\/tobbakistan.com\/index.php\/wp-json\/wp\/v2\/product_tag?post=237"}],"curies":[{"name":"wp","href":"https:\/\/api.w.org\/{rel}","templated":true}]}}