{"id":229,"date":"2024-02-03T09:54:36","date_gmt":"2024-02-03T09:54:36","guid":{"rendered":"https:\/\/tobbakistan.com\/?post_type=product&#038;p=229"},"modified":"2024-02-06T19:29:29","modified_gmt":"2024-02-06T19:29:29","slug":"gizeh-sigara-kagidi","status":"publish","type":"product","link":"https:\/\/tobbakistan.com\/index.php\/urun\/gizeh-sigara-kagidi\/","title":{"rendered":"GIZEH S\u0130G. KA\u011eIDI"},"content":{"rendered":"<p>100 L\u00dc S\u0130GARA KA\u011eIDI<\/p>\n","protected":false},"excerpt":{"rendered":"<p>100 L\u00dc S\u0130GARA KA\u011eIDI<\/p>\n","protected":false},"featured_media":230,"comment_status":"open","ping_status":"closed","template":"","meta":{"_kad_post_transparent":"default","_kad_post_title":"","_kad_post_layout":"default","_kad_post_sidebar_id":"","_kad_post_content_style":"default","_kad_post_vertical_padding":"default","_kad_post_feature":"","_kad_post_feature_position":"","_kad_post_header":false,"_kad_post_footer":false},"product_cat":[29],"product_tag":[],"class_list":{"0":"post-229","1":"product","2":"type-product","3":"status-publish","4":"has-post-thumbnail","6":"product_cat-kagitlar","8":"first","9":"instock","10":"shipping-taxable","11":"purchasable","12":"product-type-simple","13":"entry","14":"content-bg","15":"loop-entry"},"_links":{"self":[{"href":"https:\/\/tobbakistan.com\/index.php\/wp-json\/wp\/v2\/product\/229","targetHints":{"allow":["GET"]}}],"collection":[{"href":"https:\/\/tobbakistan.com\/index.php\/wp-json\/wp\/v2\/product"}],"about":[{"href":"https:\/\/tobbakistan.com\/index.php\/wp-json\/wp\/v2\/types\/product"}],"replies":[{"embeddable":true,"href":"https:\/\/tobbakistan.com\/index.php\/wp-json\/wp\/v2\/comments?post=229"}],"wp:featuredmedia":[{"embeddable":true,"href":"https:\/\/tobbakistan.com\/index.php\/wp-json\/wp\/v2\/media\/230"}],"wp:attachment":[{"href":"https:\/\/tobbakistan.com\/index.php\/wp-json\/wp\/v2\/media?parent=229"}],"wp:term":[{"taxonomy":"product_cat","embeddable":true,"href":"https:\/\/tobbakistan.com\/index.php\/wp-json\/wp\/v2\/product_cat?post=229"},{"taxonomy":"product_tag","embeddable":true,"href":"https:\/\/tobbakistan.com\/index.php\/wp-json\/wp\/v2\/product_tag?post=229"}],"curies":[{"name":"wp","href":"https:\/\/api.w.org\/{rel}","templated":true}]}}